{"id":309,"date":"2020-01-13T11:17:52","date_gmt":"2020-01-13T11:17:52","guid":{"rendered":"https:\/\/demosites.io\/web-agency-gb\/?page_id=5"},"modified":"2025-07-24T19:11:52","modified_gmt":"2025-07-24T19:11:52","slug":"15c42-web-agency-gb-home","status":"publish","type":"page","link":"https:\/\/reem.mudrek.com\/","title":{"rendered":"Startseite"},"content":{"rendered":"\n<div class=\"wp-block-cover alignfull is-light\" style=\"border-style:none;border-width:0px;padding-top:0;padding-right:0;padding-bottom:0;padding-left:0;min-height:100vh;aspect-ratio:unset;\"><img fetchpriority=\"high\" decoding=\"async\" width=\"1024\" height=\"683\" class=\"wp-block-cover__image-background wp-image-378 size-large\" alt=\"\" src=\"https:\/\/reem.mudrek.com\/wp-content\/uploads\/2025\/07\/WhatsApp-Image-2025-07-24-a-17.16.05_db7f3ef9-1024x683.jpg\" data-object-fit=\"cover\" srcset=\"https:\/\/reem.mudrek.com\/wp-content\/uploads\/2025\/07\/WhatsApp-Image-2025-07-24-a-17.16.05_db7f3ef9-1024x683.jpg 1024w, https:\/\/reem.mudrek.com\/wp-content\/uploads\/2025\/07\/WhatsApp-Image-2025-07-24-a-17.16.05_db7f3ef9-300x200.jpg 300w, https:\/\/reem.mudrek.com\/wp-content\/uploads\/2025\/07\/WhatsApp-Image-2025-07-24-a-17.16.05_db7f3ef9-768x512.jpg 768w, https:\/\/reem.mudrek.com\/wp-content\/uploads\/2025\/07\/WhatsApp-Image-2025-07-24-a-17.16.05_db7f3ef9-930x620.jpg 930w, https:\/\/reem.mudrek.com\/wp-content\/uploads\/2025\/07\/WhatsApp-Image-2025-07-24-a-17.16.05_db7f3ef9.jpg 1536w\" sizes=\"(max-width: 1024px) 100vw, 1024px\" \/><span aria-hidden=\"true\" class=\"wp-block-cover__background has-background-dim\" style=\"background-color:#f0e1c8\"><\/span><div class=\"wp-block-cover__inner-container is-layout-flow wp-block-cover-is-layout-flow\">\n<h1 class=\"wp-block-heading alignwide has-text-align-center has-text-color\" style=\"color:#121212\">Ihre moderne Zahnarztpraxis  online perfekt pr\u00e4sentiert<\/h1>\n\n\n\n<p class=\"has-text-align-center has-text-color\" style=\"color:#121212\"><strong>Verwandeln Sie Ihre Vision in Realit\u00e4t mit unserem professionellen Webdesign &amp; digitalen L\u00f6sungen<\/strong><\/p>\n\n\n\n<div style=\"height:296px\" aria-hidden=\"true\" class=\"wp-block-spacer\"><\/div>\n\n\n\n<div class=\"wp-block-buttons is-horizontal is-content-justification-center is-layout-flex wp-container-core-buttons-is-layout-c2b12ec1 wp-block-buttons-is-layout-flex\" style=\"padding-top:0;padding-right:0;padding-bottom:0;padding-left:0\">\n<div class=\"wp-block-button is-style-primary\"><a class=\"wp-block-button__link wp-element-button\" href=\"httbs:\/\/wa.me\u202a+32470834827\u202c\">Kontaktieren Sie uns<\/a><\/div>\n\n\n\n<div class=\"wp-block-button is-style-secondary\"><a class=\"wp-block-button__link wp-element-button\" href=\"https:\/\/reem.mudrek.com\/web-agency-gb-contact-us\/\">Weitere Informationen<\/a><\/div>\n<\/div>\n\n\n\n<div style=\"height:80px\" aria-hidden=\"true\" class=\"wp-block-spacer\"><\/div>\n\n\n\n<div style=\"height:80px\" aria-hidden=\"true\" class=\"wp-block-spacer\"><\/div>\n<\/div><\/div>\n\n\n\n<div style=\"height:80px\" aria-hidden=\"true\" class=\"wp-block-spacer\"><\/div>\n\n\n\n<div class=\"wp-block-columns is-layout-flex wp-container-core-columns-is-layout-9d6595d7 wp-block-columns-is-layout-flex\">\n<div class=\"wp-block-column is-layout-flow wp-block-column-is-layout-flow\"><div class=\"wp-block-image icon-style is-style-rounded\">\n<figure class=\"aligncenter size-large\"><img decoding=\"async\" width=\"72\" height=\"72\" src=\"https:\/\/reem.mudrek.com\/wp-content\/uploads\/2020\/01\/neve-webdesign-GB-03.png\" alt=\"\" class=\"wp-image-20\" title=\"\"\/><\/figure>\n<\/div>\n\n\n<div style=\"height:20px\" aria-hidden=\"true\" class=\"wp-block-spacer\"><\/div>\n\n\n\n<h3 class=\"wp-block-heading has-text-align-center has-neve-text-color-color has-text-color\">Transparente &amp; faire Festpreise<\/h3>\n\n\n\n<p class=\"has-text-align-center\">Keine versteckten Kosten. Wir bieten klare, feste Preise, damit Sie sicher planen k\u00f6nnen mit vollem Vertrauen in unsere Leistung<\/p>\n\n\n\n<div style=\"height:20px\" aria-hidden=\"true\" class=\"wp-block-spacer\"><\/div>\n<\/div>\n\n\n\n<div class=\"wp-block-column is-layout-flow wp-block-column-is-layout-flow\"><div class=\"wp-block-image icon-style is-style-rounded\">\n<figure class=\"aligncenter size-large\"><img decoding=\"async\" src=\"https:\/\/reem.mudrek.com\/wp-content\/uploads\/2020\/01\/neve-webdesign-GB-04.png\" alt=\"\" class=\"wp-image-21\"\/><\/figure>\n<\/div>\n\n\n<div style=\"height:20px\" aria-hidden=\"true\" class=\"wp-block-spacer\"><\/div>\n\n\n\n<h3 class=\"wp-block-heading has-text-align-center has-neve-text-color-color has-text-color\">Schnelle &amp; zuverl\u00e4ssige Umsetzung<\/h3>\n\n\n\n<p class=\"has-text-align-center\">Ihre Website wird p\u00fcnktlich geliefert. Dank effizienter Prozesse garantieren wir hochwertige Ergebnisse in kurzer Zeit \u2013 damit Ihre Praxis immer einen Schritt voraus ist.<\/p>\n\n\n\n<div style=\"height:20px\" aria-hidden=\"true\" class=\"wp-block-spacer\"><\/div>\n<\/div>\n\n\n\n<div class=\"wp-block-column is-layout-flow wp-block-column-is-layout-flow\"><div class=\"wp-block-image icon-style is-style-rounded\">\n<figure class=\"aligncenter size-large\"><img decoding=\"async\" width=\"72\" height=\"72\" src=\"https:\/\/reem.mudrek.com\/wp-content\/uploads\/2020\/01\/neve-webdesign-GB-01.png\" alt=\"\" class=\"wp-image-18\"\/><\/figure>\n<\/div>\n\n\n<div style=\"height:20px\" aria-hidden=\"true\" class=\"wp-block-spacer\"><\/div>\n\n\n\n<h3 class=\"wp-block-heading has-text-align-center has-neve-text-color-color has-text-color\">Individuelles Webdesign f\u00fcr Zahnarztpraxen<\/h3>\n\n\n\n<p class=\"has-text-align-center\">Wir gestalten moderne, responsive Webseiten, die speziell auf Zahnarztpraxen zugeschnitten sind. Pr\u00e4sentieren Sie Ihre Leistungen professionell und gewinnen Sie neue Patienten online.<\/p>\n\n\n\n<div style=\"height:20px\" aria-hidden=\"true\" class=\"wp-block-spacer\"><\/div>\n<\/div>\n<\/div>\n\n\n\n<div style=\"height:80px\" aria-hidden=\"true\" class=\"wp-block-spacer\"><\/div>\n\n\n\n<div class=\"wp-block-cover alignfull\" style=\"min-height:600px;aspect-ratio:unset;\"><span aria-hidden=\"true\" class=\"wp-block-cover__background has-nv-light-bg-background-color has-background-dim-100 has-background-dim\"><\/span><div class=\"wp-block-cover__inner-container is-layout-flow wp-block-cover-is-layout-flow\">\n<div class=\"wp-block-group\"><div class=\"wp-block-group__inner-container is-layout-flow wp-block-group-is-layout-flow\">\n<div style=\"height:80px\" aria-hidden=\"true\" class=\"wp-block-spacer\"><\/div>\n\n\n\n<div class=\"wp-block-columns are-vertically-aligned-center is-layout-flex wp-container-core-columns-is-layout-9d6595d7 wp-block-columns-is-layout-flex\">\n<div class=\"wp-block-column is-vertically-aligned-center is-layout-flow wp-block-column-is-layout-flow\" style=\"flex-basis:50%\">\n<figure class=\"wp-block-image size-large\"><img loading=\"lazy\" decoding=\"async\" width=\"1024\" height=\"683\" src=\"https:\/\/reem.mudrek.com\/wp-content\/uploads\/2025\/07\/WhatsApp-Image-2025-07-24-a-19.19.22_bc051159-1024x683.jpg\" alt=\"\" class=\"wp-image-395\" srcset=\"https:\/\/reem.mudrek.com\/wp-content\/uploads\/2025\/07\/WhatsApp-Image-2025-07-24-a-19.19.22_bc051159-1024x683.jpg 1024w, https:\/\/reem.mudrek.com\/wp-content\/uploads\/2025\/07\/WhatsApp-Image-2025-07-24-a-19.19.22_bc051159-300x200.jpg 300w, https:\/\/reem.mudrek.com\/wp-content\/uploads\/2025\/07\/WhatsApp-Image-2025-07-24-a-19.19.22_bc051159-768x512.jpg 768w, https:\/\/reem.mudrek.com\/wp-content\/uploads\/2025\/07\/WhatsApp-Image-2025-07-24-a-19.19.22_bc051159-930x620.jpg 930w, https:\/\/reem.mudrek.com\/wp-content\/uploads\/2025\/07\/WhatsApp-Image-2025-07-24-a-19.19.22_bc051159.jpg 1536w\" sizes=\"(max-width: 1024px) 100vw, 1024px\" \/><\/figure>\n<\/div>\n\n\n\n<div class=\"wp-block-column is-vertically-aligned-center is-layout-flow wp-block-column-is-layout-flow\" style=\"flex-basis:50%\">\n<div style=\"height:20px\" aria-hidden=\"true\" class=\"wp-block-spacer\"><\/div>\n\n\n\n<h2 class=\"wp-block-heading has-text-align-left has-neve-text-color-color has-text-color\">Webdesign<\/h2>\n\n\n\n<p class=\"has-text-align-left has-neve-text-color-color has-text-color\" style=\"font-size:17px\">Erstellen Sie eine Website, die das Wesen Ihrer Marke einf\u00e4ngt. Unser Team gestaltet responsive und benutzerfreundliche Websites, die speziell auf die Bed\u00fcrfnisse Ihres Unternehmens und die Erwartungen Ihrer Kunden zugeschnitten sind.<\/p>\n\n\n\n<div class=\"wp-block-buttons is-horizontal is-content-justification-left is-layout-flex wp-container-core-buttons-is-layout-7e5fce0a wp-block-buttons-is-layout-flex\">\n<div class=\"wp-block-button is-style-primary\"><a class=\"wp-block-button__link wp-element-button\" href=\"https:\/\/reem.mudrek.com\/web-agency-gb-portfolio-single\/\" target=\"_blank\" rel=\"noreferrer noopener\">MEHR ERFAHREN<\/a><\/div>\n<\/div>\n<\/div>\n<\/div>\n\n\n\n<div style=\"height:40px\" aria-hidden=\"true\" class=\"wp-block-spacer\"><\/div>\n<\/div><\/div>\n<\/div><\/div>\n\n\n\n<div class=\"wp-block-cover alignfull\" style=\"min-height:600px;aspect-ratio:unset;\"><span aria-hidden=\"true\" class=\"wp-block-cover__background has-nv-dark-bg-background-color has-background-dim-100 has-background-dim\"><\/span><div class=\"wp-block-cover__inner-container is-layout-flow wp-block-cover-is-layout-flow\">\n<div class=\"wp-block-group\"><div class=\"wp-block-group__inner-container is-layout-flow wp-block-group-is-layout-flow\">\n<div style=\"height:80px\" aria-hidden=\"true\" class=\"wp-block-spacer\"><\/div>\n\n\n\n<div class=\"wp-block-columns are-vertically-aligned-center is-layout-flex wp-container-core-columns-is-layout-9d6595d7 wp-block-columns-is-layout-flex\">\n<div class=\"wp-block-column is-vertically-aligned-center is-layout-flow wp-block-column-is-layout-flow\" style=\"flex-basis:50%\">\n<figure class=\"wp-block-image size-large\"><img loading=\"lazy\" decoding=\"async\" width=\"600\" height=\"600\" src=\"https:\/\/reem.mudrek.com\/wp-content\/uploads\/2020\/01\/neve-web-design-bg-08.jpg\" alt=\"\" class=\"wp-image-35\" srcset=\"https:\/\/reem.mudrek.com\/wp-content\/uploads\/2020\/01\/neve-web-design-bg-08.jpg 600w, https:\/\/reem.mudrek.com\/wp-content\/uploads\/2020\/01\/neve-web-design-bg-08-300x300.jpg 300w, https:\/\/reem.mudrek.com\/wp-content\/uploads\/2020\/01\/neve-web-design-bg-08-150x150.jpg 150w\" sizes=\"(max-width: 600px) 100vw, 600px\" \/><\/figure>\n<\/div>\n\n\n\n<div class=\"wp-block-column is-vertically-aligned-center is-layout-flow wp-block-column-is-layout-flow\" style=\"flex-basis:50%\">\n<h2 class=\"wp-block-heading has-text-align-left has-nv-text-dark-bg-color has-text-color\">Wir werden von Werten geleitet<\/h2>\n\n\n\n<p class=\"has-text-align-left has-nv-text-dark-bg-color has-text-color\" style=\"font-size:17px\"><strong>Integrit\u00e4t und Exzellenz<\/strong><\/p>\n\n\n\n<p class=\"has-text-align-left has-nv-text-dark-bg-color has-text-color\" style=\"font-size:17px\">Im Zentrum unserer Agentur steht ein Bekenntnis zu Integrit\u00e4t und Exzellenz.<br>Wir glauben daran, das Richtige f\u00fcr unsere Kunden und unser Team zu tun und stellen sicher, dass jedes Projekt mit h\u00f6chster Professionalit\u00e4t behandelt wird.<\/p>\n\n\n\n<p class=\"has-text-align-left has-nv-text-dark-bg-color has-text-color\" style=\"font-size:17px\"><\/p>\n\n\n\n<p class=\"has-nv-text-dark-bg-color has-text-color has-link-color wp-elements-7a2ce210c9380eb2a98029e5bcf4b2a3\"><strong>Leidenschaftliche Kreativit\u00e4t<\/strong><\/p>\n\n\n\n<p class=\"has-nv-text-dark-bg-color has-text-color has-link-color wp-elements-4e4de858064cef65dd395a45a9f5831e\">Unser kreativer Prozess wird von Leidenschaft angetrieben. Wir streben danach, zu innovieren und Grenzen im Webdesign zu \u00fcberschreiten, damit jedes Projekt nicht nur funktional, sondern auch k\u00fcnstlerisch herausragend ist.<\/p>\n\n\n\n<p class=\"has-text-align-left has-nv-text-dark-bg-color has-text-color\" style=\"font-size:17px\"><strong>Kundenorientierter Ansatz<\/strong><\/p>\n\n\n\n<p class=\"has-text-align-left has-nv-text-dark-bg-color has-text-color\" style=\"font-size:17px\">Ihre Vision ist unsere Mission. Wir stellen Ihre Bed\u00fcrfnisse und Ziele in den Mittelpunkt und bieten pers\u00f6nlichen Service sowie ma\u00dfgeschneiderte L\u00f6sungen, die genau auf Ihr Unternehmen abgestimmt sind.<\/p>\n<\/div>\n<\/div>\n\n\n\n<div style=\"height:50px\" aria-hidden=\"true\" class=\"wp-block-spacer\"><\/div>\n<\/div><\/div>\n<\/div><\/div>\n\n\n\n<div class=\"wp-block-cover alignfull\" style=\"min-height:420px;aspect-ratio:unset;\"><span aria-hidden=\"true\" class=\"wp-block-cover__background has-nv-light-bg-background-color has-background-dim-100 has-background-dim\"><\/span><div class=\"wp-block-cover__inner-container is-layout-flow wp-block-cover-is-layout-flow\">\n<div style=\"height:80px\" aria-hidden=\"true\" class=\"wp-block-spacer\"><\/div>\n\n\n\n<div class=\"wp-block-columns is-layout-flex wp-container-core-columns-is-layout-9d6595d7 wp-block-columns-is-layout-flex\">\n<div class=\"wp-block-column ticss-4ce656f1 is-layout-flow wp-block-column-is-layout-flow\">\n<figure class=\"wp-block-image size-full is-resized is-style-rounded\"><img loading=\"lazy\" decoding=\"async\" width=\"640\" height=\"640\" src=\"https:\/\/reem.mudrek.com\/wp-content\/uploads\/2025\/07\/WhatsApp-Image-2025-07-24-a-17.38.53_91d05cad.jpg\" alt=\"\" class=\"wp-image-379\" style=\"width:80px;height:auto\" srcset=\"https:\/\/reem.mudrek.com\/wp-content\/uploads\/2025\/07\/WhatsApp-Image-2025-07-24-a-17.38.53_91d05cad.jpg 640w, https:\/\/reem.mudrek.com\/wp-content\/uploads\/2025\/07\/WhatsApp-Image-2025-07-24-a-17.38.53_91d05cad-300x300.jpg 300w, https:\/\/reem.mudrek.com\/wp-content\/uploads\/2025\/07\/WhatsApp-Image-2025-07-24-a-17.38.53_91d05cad-150x150.jpg 150w\" sizes=\"(max-width: 640px) 100vw, 640px\" \/><\/figure>\n\n\n\n<div style=\"height:24px\" aria-hidden=\"true\" class=\"wp-block-spacer\"><\/div>\n\n\n\n<p class=\"has-text-align-left has-neve-text-color-color has-text-color\">Modern, klar und perfekt auf unsere Praxis abgestimmt. Sehr empfehlenswert!<\/p>\n\n\n\n<p class=\"has-neve-text-color-color has-text-color\"><strong>JANET MORRIS<\/strong><\/p>\n\n\n\n<div style=\"height:20px\" aria-hidden=\"true\" class=\"wp-block-spacer\"><\/div>\n<\/div>\n\n\n\n<div class=\"wp-block-column ticss-f6fc7494 is-layout-flow wp-block-column-is-layout-flow\">\n<figure class=\"wp-block-image size-large is-resized is-style-rounded\"><img loading=\"lazy\" decoding=\"async\" width=\"400\" height=\"400\" src=\"https:\/\/reem.mudrek.com\/wp-content\/uploads\/2020\/12\/neve-web-design-studio-04.1.jpg\" alt=\"\" class=\"wp-image-216\" style=\"width:80px;height:80px\" srcset=\"https:\/\/reem.mudrek.com\/wp-content\/uploads\/2020\/12\/neve-web-design-studio-04.1.jpg 400w, https:\/\/reem.mudrek.com\/wp-content\/uploads\/2020\/12\/neve-web-design-studio-04.1-300x300.jpg 300w, https:\/\/reem.mudrek.com\/wp-content\/uploads\/2020\/12\/neve-web-design-studio-04.1-150x150.jpg 150w\" sizes=\"(max-width: 400px) 100vw, 400px\" \/><\/figure>\n\n\n\n<div style=\"height:24px\" aria-hidden=\"true\" class=\"wp-block-spacer\"><\/div>\n\n\n\n<p class=\"has-text-align-left has-neve-text-color-color has-text-color\">Elegantes Design genau das, was wir gesucht haben.<\/p>\n\n\n\n<p class=\"has-neve-text-color-color has-text-color\"><strong>WILLIE BROWN<\/strong><\/p>\n\n\n\n<div style=\"height:20px\" aria-hidden=\"true\" class=\"wp-block-spacer\"><\/div>\n<\/div>\n\n\n\n<div class=\"wp-block-column ticss-a5b4df29 is-layout-flow wp-block-column-is-layout-flow\">\n<figure class=\"wp-block-image size-large is-resized is-style-rounded\"><img loading=\"lazy\" decoding=\"async\" width=\"690\" height=\"1024\" src=\"https:\/\/reem.mudrek.com\/wp-content\/uploads\/2025\/07\/WhatsApp-Image-2025-07-24-a-17.38.53_a28ef73e-690x1024.jpg\" alt=\"\" class=\"wp-image-380\" style=\"width:80px;height:80px\" srcset=\"https:\/\/reem.mudrek.com\/wp-content\/uploads\/2025\/07\/WhatsApp-Image-2025-07-24-a-17.38.53_a28ef73e-690x1024.jpg 690w, https:\/\/reem.mudrek.com\/wp-content\/uploads\/2025\/07\/WhatsApp-Image-2025-07-24-a-17.38.53_a28ef73e-202x300.jpg 202w, https:\/\/reem.mudrek.com\/wp-content\/uploads\/2025\/07\/WhatsApp-Image-2025-07-24-a-17.38.53_a28ef73e.jpg 720w\" sizes=\"(max-width: 690px) 100vw, 690px\" \/><\/figure>\n\n\n\n<div style=\"height:24px\" aria-hidden=\"true\" class=\"wp-block-spacer\"><\/div>\n\n\n\n<p class=\"has-text-align-left has-neve-text-color-color has-text-color\">Der neue Webauftritt ist professionell und benutzerfreundlich<\/p>\n\n\n\n<p class=\"has-neve-text-color-color has-text-color\"><strong>SEAN FISHER<\/strong><\/p>\n\n\n\n<div style=\"height:20px\" aria-hidden=\"true\" class=\"wp-block-spacer\"><\/div>\n<\/div>\n<\/div>\n\n\n\n<div style=\"height:30px\" aria-hidden=\"true\" class=\"wp-block-spacer\"><\/div>\n<\/div><\/div>\n\n\n\n<div class=\"wp-block-cover alignfull\" style=\"min-height:300px;aspect-ratio:unset;\"><span aria-hidden=\"true\" class=\"wp-block-cover__background has-nv-dark-bg-background-color has-background-dim-100 has-background-dim\"><\/span><div class=\"wp-block-cover__inner-container is-layout-flow wp-block-cover-is-layout-flow\">\n<div style=\"height:140px\" aria-hidden=\"true\" class=\"wp-block-spacer\"><\/div>\n\n\n\n<h3 class=\"wp-block-heading has-text-align-center has-nv-text-dark-bg-color has-text-color\">Jeden Tag suchen Tausende von Menschen bei Google nach einer vertrauensw\u00fcrdigen Zahnarztpraxis.<br>Seien Sie unter den ersten Suchergebnissen \u2013 machen Sie Ihre Praxis zur ersten Wahl f\u00fcr neue Patienten<\/h3>\n\n\n\n<div class=\"wp-block-buttons is-horizontal is-content-justification-center is-layout-flex wp-container-core-buttons-is-layout-499968f5 wp-block-buttons-is-layout-flex\">\n<div class=\"wp-block-button is-style-primary\"><a class=\"wp-block-button__link wp-element-button\" href=\"https:\/\/wa.me\/32470834827\">Kontakt \u00fcber WhatsApp<\/a><\/div>\n<\/div>\n\n\n\n<div style=\"height:140px\" aria-hidden=\"true\" class=\"wp-block-spacer\"><\/div>\n<\/div><\/div>\n","protected":false},"excerpt":{"rendered":"<p>Transparente &amp; faire Festpreise Keine versteckten Kosten. Wir bieten klare, feste Preise, damit Sie sicher planen k\u00f6nnen mit vollem Vertrauen in unsere Leistung Schnelle &amp; zuverl\u00e4ssige Umsetzung Ihre Website wird p\u00fcnktlich geliefert. Dank effizienter Prozesse garantieren wir hochwertige Ergebnisse in kurzer Zeit \u2013 damit Ihre Praxis immer einen Schritt voraus ist. Individuelles Webdesign f\u00fcr Zahnarztpraxen&hellip;&nbsp;<a href=\"https:\/\/reem.mudrek.com\/\" rel=\"bookmark\"><span class=\"screen-reader-text\">Startseite<\/span><\/a><\/p>\n","protected":false},"author":1,"featured_media":22,"parent":0,"menu_order":0,"comment_status":"closed","ping_status":"closed","template":"","meta":{"neve_meta_sidebar":"default","neve_meta_container":"default","neve_meta_enable_content_width":"on","neve_meta_content_width":100,"neve_meta_title_alignment":"","neve_meta_author_avatar":"","neve_post_elements_order":"","neve_meta_disable_header":"","neve_meta_disable_footer":"","neve_meta_disable_title":"on","_themeisle_gutenberg_block_has_review":false,"_kadence_starter_templates_imported_post":false,"footnotes":""},"class_list":["post-309","page","type-page","status-publish","has-post-thumbnail","hentry"],"_links":{"self":[{"href":"https:\/\/reem.mudrek.com\/index.php?rest_route=\/wp\/v2\/pages\/309","targetHints":{"allow":["GET"]}}],"collection":[{"href":"https:\/\/reem.mudrek.com\/index.php?rest_route=\/wp\/v2\/pages"}],"about":[{"href":"https:\/\/reem.mudrek.com\/index.php?rest_route=\/wp\/v2\/types\/page"}],"author":[{"embeddable":true,"href":"https:\/\/reem.mudrek.com\/index.php?rest_route=\/wp\/v2\/users\/1"}],"replies":[{"embeddable":true,"href":"https:\/\/reem.mudrek.com\/index.php?rest_route=%2Fwp%2Fv2%2Fcomments&post=309"}],"version-history":[{"count":4,"href":"https:\/\/reem.mudrek.com\/index.php?rest_route=\/wp\/v2\/pages\/309\/revisions"}],"predecessor-version":[{"id":400,"href":"https:\/\/reem.mudrek.com\/index.php?rest_route=\/wp\/v2\/pages\/309\/revisions\/400"}],"wp:featuredmedia":[{"embeddable":true,"href":"https:\/\/reem.mudrek.com\/index.php?rest_route=\/wp\/v2\/media\/22"}],"wp:attachment":[{"href":"https:\/\/reem.mudrek.com\/index.php?rest_route=%2Fwp%2Fv2%2Fmedia&parent=309"}],"curies":[{"name":"wp","href":"https:\/\/api.w.org\/{rel}","templated":true}]}}